{"id":94,"date":"2025-12-20T06:34:30","date_gmt":"2025-12-20T06:34:30","guid":{"rendered":"https:\/\/cnsnap.de\/?page_id=94"},"modified":"2025-12-20T06:37:15","modified_gmt":"2025-12-20T06:37:15","slug":"kontaktieren-sie-uns","status":"publish","type":"page","link":"https:\/\/cnsnap.de\/de\/kontaktieren-sie-uns\/","title":{"rendered":"Kontaktieren Sie uns"},"content":{"rendered":"<section class=\"section\" id=\"section_1575218422\">\n\t\t<div class=\"section-bg fill\" >\n\t\t\t<img loading=\"lazy\" decoding=\"async\" width=\"1500\" height=\"1052\" src=\"https:\/\/cnsnap.de\/wp-content\/uploads\/2025\/12\/cole-keister-8V1gfeaPP1Y-unsplash.jpg\" class=\"bg attachment- size-\" alt=\"\" \/>\t\t\t\t\t\t\n\t\t\t\n\n\t\t<\/div>\n\n\t\t\n\n\t\t<div class=\"section-content relative\">\n\t\t\t\n\t<div id=\"gap-144725734\" class=\"gap-element clearfix\" style=\"display:block; height:auto;\">\n\t\t\n<style>\n#gap-144725734 {\n  padding-top: 30px;\n}\n<\/style>\n\t<\/div>\n\t\n<div class=\"row\"  id=\"row-873110301\">\n\n\t<div id=\"col-528694055\" class=\"col small-12 large-12\"  >\n\t\t\t\t<div class=\"col-inner\" style=\"background-color:rgba(255, 255, 255, 0.9);\" >\n\t\t\t\n\t\t\t\n<div class=\"row align-middle align-center\"  id=\"row-1031808907\">\n\n\t<div id=\"col-965629824\" class=\"col medium-9 small-12 large-6\"  >\n\t\t\t\t<div class=\"col-inner text-center\"  >\n\t\t\t\n\t\t\t\n\t<div id=\"text-4291415792\" class=\"text\">\n\t\t\n<h2>In Kontakt treten<\/h2>\n\t\t\n<style>\n#text-4291415792 {\n  font-size: 1.5rem;\n}\n<\/style>\n\t<\/div>\n\t\n<p>Bereit, Ihren Beschaffungsprozess zu optimieren? Ich bin Julian Hoo, Ihr dedizierter Beschaffungspartner in Shenzhen. Mit \u00fcber sechs Jahren Erfahrung und mehrsprachiger Unterst\u00fctzung gew\u00e4hrleiste ich eine transparente und effiziente Verbindung zwischen Ihrem Unternehmen und Chinas f\u00fchrenden Herstellern. Ob Sie spezifische Fragen haben oder ein neues Projekt starten m\u00f6chten, ich bin hier, um zu helfen. Kontaktieren Sie mich unter <a href=\"mailto:julian.hoo@cnsnap.de\">julian.hoo@cnsnap.de<\/a> oder besuchen Sie <a href=\"https:\/\/cnsnap.de\/de\/\">https:\/\/cnsnap.de<\/a> Um heute zu beginnen.<\/p>\n\t\t<\/div>\n\t\t\t\t\n<style>\n#col-965629824 > .col-inner {\n  padding: 0px 0px 0px 0px;\n}\n@media (min-width:550px) {\n  #col-965629824 > .col-inner {\n    padding: 40px 0px 0px 0px;\n  }\n}\n@media (min-width:850px) {\n  #col-965629824 > .col-inner {\n    padding: 0px 10% 0px 5%;\n  }\n}\n<\/style>\n\t<\/div>\n\n\t\n\n\t<div id=\"col-278589105\" class=\"col medium-12 small-12 large-6\"  >\n\t\t\t\t<div class=\"col-inner\"  >\n\t\t\t\n\t\t\t\n\n<div class=\"wpcf7 no-js\" id=\"wpcf7-f95-o1\" lang=\"en-US\" dir=\"ltr\" data-wpcf7-id=\"95\">\n<div class=\"screen-reader-response\"><p role=\"status\" aria-live=\"polite\" aria-atomic=\"true\"><\/p> <ul><\/ul><\/div>\n<form action=\"\/de\/wp-json\/wp\/v2\/pages\/94#wpcf7-f95-o1\" method=\"post\" class=\"wpcf7-form init\" aria-label=\"Contact form\" novalidate=\"novalidate\" data-status=\"init\" data-trp-original-action=\"\/de\/wp-json\/wp\/v2\/pages\/94#wpcf7-f95-o1\">\n<fieldset class=\"hidden-fields-container\"><input type=\"hidden\" name=\"_wpcf7\" value=\"95\" \/><input type=\"hidden\" name=\"_wpcf7_version\" value=\"6.1.4\" \/><input type=\"hidden\" name=\"_wpcf7_locale\" value=\"en_US\" \/><input type=\"hidden\" name=\"_wpcf7_unit_tag\" value=\"wpcf7-f95-o1\" \/><input type=\"hidden\" name=\"_wpcf7_container_post\" value=\"0\" \/><input type=\"hidden\" name=\"_wpcf7_posted_data_hash\" value=\"\" \/>\n<\/fieldset>\n<p><label> Dein Name<br \/>\n<span class=\"wpcf7-form-control-wrap\" data-name=\"your-name\"><input size=\"40\" maxlength=\"400\" class=\"wpcf7-form-control wpcf7-text wpcf7-validates-as-required\" autocomplete=\"name\" aria-required=\"true\" aria-invalid=\"false\" value=\"\" type=\"text\" name=\"your-name\" \/><\/span> <\/label>\n<\/p>\n<p><label> Ihre E-Mail<br \/>\n<span class=\"wpcf7-form-control-wrap\" data-name=\"your-email\"><input size=\"40\" maxlength=\"400\" class=\"wpcf7-form-control wpcf7-email wpcf7-validates-as-required wpcf7-text wpcf7-validates-as-email\" autocomplete=\"email\" aria-required=\"true\" aria-invalid=\"false\" value=\"\" type=\"email\" name=\"your-email\" \/><\/span> <\/label>\n<\/p>\n<p><label> Betreff<br \/>\n<span class=\"wpcf7-form-control-wrap\" data-name=\"your-subject\"><input size=\"40\" maxlength=\"400\" class=\"wpcf7-form-control wpcf7-text wpcf7-validates-as-required\" aria-required=\"true\" aria-invalid=\"false\" value=\"\" type=\"text\" name=\"your-subject\" \/><\/span> <\/label>\n<\/p>\n<p><label> Ihre Nachricht (optional)<br \/>\n<span class=\"wpcf7-form-control-wrap\" data-name=\"your-message\"><textarea cols=\"40\" rows=\"10\" maxlength=\"2000\" class=\"wpcf7-form-control wpcf7-textarea\" aria-invalid=\"false\" name=\"your-message\"><\/textarea><\/span> <\/label>\n<\/p>\n<p><input class=\"wpcf7-form-control wpcf7-submit has-spinner\" type=\"submit\" value=\"Einreichen\" \/>\n<\/p><div class=\"wpcf7-response-output\" aria-hidden=\"true\"><\/div>\n<input type=\"hidden\" name=\"trp-form-language\" value=\"de\"\/><\/form>\n<\/div>\n\n\t\t<\/div>\n\t\t\t\t\n<style>\n#col-278589105 > .col-inner {\n  margin: 20px 0px 0px 0px;\n}\n<\/style>\n\t<\/div>\n\n\t\n<\/div>\n\t\t<\/div>\n\t\t\t\t\n<style>\n#col-528694055 > .col-inner {\n  padding: 50px 30px 0px 30px;\n  border-radius: 10px;\n}\n@media (min-width:550px) {\n  #col-528694055 > .col-inner {\n    padding: 30px 30px 0px 30px;\n  }\n}\n@media (min-width:850px) {\n  #col-528694055 > .col-inner {\n    padding: 60px 60px 20px 60px;\n  }\n}\n<\/style>\n\t<\/div>\n\n\t\n<\/div>\n\t\t<\/div>\n\n\t\t\n<style>\n#section_1575218422 {\n  padding-top: 50px;\n  padding-bottom: 50px;\n  min-height: 450px;\n}\n<\/style>\n\t<\/section>","protected":false},"excerpt":{"rendered":"","protected":false},"author":1,"featured_media":0,"parent":0,"menu_order":0,"comment_status":"closed","ping_status":"closed","template":"","meta":{"footnotes":""},"class_list":["post-94","page","type-page","status-publish","hentry"],"yoast_head":"<!-- This site is optimized with the Yoast SEO plugin v26.6 - https:\/\/yoast.com\/wordpress\/plugins\/seo\/ -->\n<title>Contact Us - CNSnap DE<\/title>\n<meta name=\"robots\" content=\"index, follow, max-snippet:-1, max-image-preview:large, max-video-preview:-1\" \/>\n<link rel=\"canonical\" href=\"https:\/\/cnsnap.de\/de\/kontaktieren-sie-uns\/\" \/>\n<meta property=\"og:locale\" content=\"de_DE\" \/>\n<meta property=\"og:type\" content=\"article\" \/>\n<meta property=\"og:title\" content=\"Contact Us - CNSnap DE\" \/>\n<meta property=\"og:url\" content=\"https:\/\/cnsnap.de\/de\/kontaktieren-sie-uns\/\" \/>\n<meta property=\"og:site_name\" content=\"CNSnap DE\" \/>\n<meta property=\"article:modified_time\" content=\"2025-12-20T06:37:15+00:00\" \/>\n<meta name=\"twitter:card\" content=\"summary_large_image\" \/>\n<script type=\"application\/ld+json\" class=\"yoast-schema-graph\">{\"@context\":\"https:\/\/schema.org\",\"@graph\":[{\"@type\":\"WebPage\",\"@id\":\"https:\/\/cnsnap.de\/contact-us\/\",\"url\":\"https:\/\/cnsnap.de\/contact-us\/\",\"name\":\"Contact Us - CNSnap DE\",\"isPartOf\":{\"@id\":\"https:\/\/cnsnap.de\/#website\"},\"datePublished\":\"2025-12-20T06:34:30+00:00\",\"dateModified\":\"2025-12-20T06:37:15+00:00\",\"breadcrumb\":{\"@id\":\"https:\/\/cnsnap.de\/contact-us\/#breadcrumb\"},\"inLanguage\":\"de\",\"potentialAction\":[{\"@type\":\"ReadAction\",\"target\":[\"https:\/\/cnsnap.de\/contact-us\/\"]}]},{\"@type\":\"BreadcrumbList\",\"@id\":\"https:\/\/cnsnap.de\/contact-us\/#breadcrumb\",\"itemListElement\":[{\"@type\":\"ListItem\",\"position\":1,\"name\":\"Home\",\"item\":\"https:\/\/cnsnap.de\/\"},{\"@type\":\"ListItem\",\"position\":2,\"name\":\"Contact Us\"}]},{\"@type\":\"WebSite\",\"@id\":\"https:\/\/cnsnap.de\/#website\",\"url\":\"https:\/\/cnsnap.de\/\",\"name\":\"CNSnap DE\",\"description\":\"Dein direkter Draht nach China\",\"publisher\":{\"@id\":\"https:\/\/cnsnap.de\/#organization\"},\"potentialAction\":[{\"@type\":\"SearchAction\",\"target\":{\"@type\":\"EntryPoint\",\"urlTemplate\":\"https:\/\/cnsnap.de\/?s={search_term_string}\"},\"query-input\":{\"@type\":\"PropertyValueSpecification\",\"valueRequired\":true,\"valueName\":\"search_term_string\"}}],\"inLanguage\":\"de\"},{\"@type\":\"Organization\",\"@id\":\"https:\/\/cnsnap.de\/#organization\",\"name\":\"CNSnap DE\",\"url\":\"https:\/\/cnsnap.de\/\",\"logo\":{\"@type\":\"ImageObject\",\"inLanguage\":\"de\",\"@id\":\"https:\/\/cnsnap.de\/#\/schema\/logo\/image\/\",\"url\":\"https:\/\/cnsnap.de\/wp-content\/uploads\/2025\/11\/cropped-Logo.webp\",\"contentUrl\":\"https:\/\/cnsnap.de\/wp-content\/uploads\/2025\/11\/cropped-Logo.webp\",\"width\":512,\"height\":512,\"caption\":\"CNSnap DE\"},\"image\":{\"@id\":\"https:\/\/cnsnap.de\/#\/schema\/logo\/image\/\"}}]}<\/script>\n<!-- \/ Yoast SEO plugin. -->","yoast_head_json":{"title":"Kontaktieren Sie uns - CNSnap DE","robots":{"index":"index","follow":"follow","max-snippet":"max-snippet:-1","max-image-preview":"max-image-preview:large","max-video-preview":"max-video-preview:-1"},"canonical":"https:\/\/cnsnap.de\/de\/kontaktieren-sie-uns\/","og_locale":"de_DE","og_type":"article","og_title":"Contact Us - CNSnap DE","og_url":"https:\/\/cnsnap.de\/de\/kontaktieren-sie-uns\/","og_site_name":"CNSnap DE","article_modified_time":"2025-12-20T06:37:15+00:00","twitter_card":"summary_large_image","schema":{"@context":"https:\/\/schema.org","@graph":[{"@type":"WebPage","@id":"https:\/\/cnsnap.de\/contact-us\/","url":"https:\/\/cnsnap.de\/contact-us\/","name":"Kontaktieren Sie uns - CNSnap DE","isPartOf":{"@id":"https:\/\/cnsnap.de\/#website"},"datePublished":"2025-12-20T06:34:30+00:00","dateModified":"2025-12-20T06:37:15+00:00","breadcrumb":{"@id":"https:\/\/cnsnap.de\/contact-us\/#breadcrumb"},"inLanguage":"de","potentialAction":[{"@type":"ReadAction","target":["https:\/\/cnsnap.de\/contact-us\/"]}]},{"@type":"BreadcrumbList","@id":"https:\/\/cnsnap.de\/contact-us\/#breadcrumb","itemListElement":[{"@type":"ListItem","position":1,"name":"Home","item":"https:\/\/cnsnap.de\/"},{"@type":"ListItem","position":2,"name":"Contact Us"}]},{"@type":"WebSite","@id":"https:\/\/cnsnap.de\/#website","url":"https:\/\/cnsnap.de\/","name":"CNSnap DE","description":"Dein direkter Draht nach China","publisher":{"@id":"https:\/\/cnsnap.de\/#organization"},"potentialAction":[{"@type":"SearchAction","target":{"@type":"EntryPoint","urlTemplate":"https:\/\/cnsnap.de\/?s={search_term_string}"},"query-input":{"@type":"PropertyValueSpecification","valueRequired":true,"valueName":"search_term_string"}}],"inLanguage":"de"},{"@type":"Organization","@id":"https:\/\/cnsnap.de\/#organization","name":"CNSnap DE","url":"https:\/\/cnsnap.de\/","logo":{"@type":"ImageObject","inLanguage":"de","@id":"https:\/\/cnsnap.de\/#\/schema\/logo\/image\/","url":"https:\/\/cnsnap.de\/wp-content\/uploads\/2025\/11\/cropped-Logo.webp","contentUrl":"https:\/\/cnsnap.de\/wp-content\/uploads\/2025\/11\/cropped-Logo.webp","width":512,"height":512,"caption":"CNSnap DE"},"image":{"@id":"https:\/\/cnsnap.de\/#\/schema\/logo\/image\/"}}]}},"_links":{"self":[{"href":"https:\/\/cnsnap.de\/de\/wp-json\/wp\/v2\/pages\/94","targetHints":{"allow":["GET"]}}],"collection":[{"href":"https:\/\/cnsnap.de\/de\/wp-json\/wp\/v2\/pages"}],"about":[{"href":"https:\/\/cnsnap.de\/de\/wp-json\/wp\/v2\/types\/page"}],"author":[{"embeddable":true,"href":"https:\/\/cnsnap.de\/de\/wp-json\/wp\/v2\/users\/1"}],"replies":[{"embeddable":true,"href":"https:\/\/cnsnap.de\/de\/wp-json\/wp\/v2\/comments?post=94"}],"version-history":[{"count":2,"href":"https:\/\/cnsnap.de\/de\/wp-json\/wp\/v2\/pages\/94\/revisions"}],"predecessor-version":[{"id":102,"href":"https:\/\/cnsnap.de\/de\/wp-json\/wp\/v2\/pages\/94\/revisions\/102"}],"wp:attachment":[{"href":"https:\/\/cnsnap.de\/de\/wp-json\/wp\/v2\/media?parent=94"}],"curies":[{"name":"wp","href":"https:\/\/api.w.org\/{rel}","templated":true}]}}