{"id":92,"date":"2025-12-20T06:32:22","date_gmt":"2025-12-20T06:32:22","guid":{"rendered":"https:\/\/cnsnap.de\/?page_id=92"},"modified":"2025-12-20T06:32:22","modified_gmt":"2025-12-20T06:32:22","slug":"uber-uns","status":"publish","type":"page","link":"https:\/\/cnsnap.de\/de\/uber-uns\/","title":{"rendered":"\u00dcber Uns"},"content":{"rendered":"<section>\n<h1>\u00dcber CNSNAP DE<\/h1>\n<p>Willkommen bei CNSNAP DE, Ihrem f\u00fchrenden Zugang zu Chinas fortschrittlichsten Fertigungshubs. Gegr\u00fcndet und gef\u00fchrt von Julian Hoo, einem in Shenzhen ans\u00e4ssigen globalen Beschaffungsspezialisten, \u00fcberbr\u00fccken wir die L\u00fccke zwischen internationaler Nachfrage und hochwertiger Produktion. Mit \u00fcber sechs Jahren Erfahrung haben wir uns als vertrauensw\u00fcrdiger Partner f\u00fcr Unternehmen weltweit etabliert, die nach Exzellenz in Konsumg\u00fctern und Luxusmode suchen.<\/p>\n<h2>Wer wir sind<\/h2>\n<p>Julian Hoo ist die treibende Kraft hinter CNSNAP DE. Mit Sitz im Herzen von Shenzhen - der Elektronikhauptstadt der Welt - hat Julian tief verwurzelte Beziehungen zu f\u00fchrenden Herstellern aufgebaut. Unser Team verf\u00fcgt \u00fcber eine einzigartige Mischung aus lokaler Marktintelligenz und globaler Perspektive. Was uns auszeichnet, ist unsere au\u00dfergew\u00f6hnliche sprachliche Vielfalt; Julian spricht flie\u00dfend Chinesisch, Englisch, Franz\u00f6sisch, Spanisch, Niederl\u00e4ndisch, Deutsch und Portugiesisch, was es uns erm\u00f6glicht, Kunden in den USA, Kanada, Gro\u00dfbritannien, Australien und Kontineuropa einen pers\u00f6nlichen Service anzubieten.<\/p>\n<h2>Unsere Mission<\/h2>\n<p>Unsere Mission ist es, die Komplexit\u00e4t des internationalen Handels zu vereinfachen. Wir sind bestrebt, einen nahtlosen, transparenten und effizienten Beschaffungsprozess zu bieten. Wir bem\u00fchen uns, unsere Kunden zu st\u00e4rken, indem wir ihnen einen direkten Zugang zu erstklassigen chinesischen Produkten erm\u00f6glichen, um sicherzustellen, dass sie in ihren lokalen M\u00e4rkten mit Zuversicht und margenstarken G\u00fctern konkurrieren k\u00f6nnen.<\/p>\n<h2>Was Wir Tun K\u00f6nnen<\/h2>\n<p>Wir sind auf ma\u00dfgeschneiderte End-to-End-Beschaffungsl\u00f6sungen spezialisiert, die auf Ihre spezifischen Bed\u00fcrfnisse zugeschnitten sind. Unsere Expertise umfasst:<\/p>\n<ul>\n<li><strong>Verbraucherelektronik:<\/strong> Beschaffung der neuesten Smartphones, Hochleistungs-Laptops und innovativer Smart-Home-Ger\u00e4te.<\/li>\n<li><strong>Mode &amp; Luxusg\u00fcter:<\/strong> Identifizierung und Sicherung von hochwertigen Luxus-Modeartikeln, die strengen internationalen Standards entsprechen.<\/li>\n<li><strong>Produktidentifizierung:<\/strong> Die richtigen Hersteller finden, die Ihren Qualit\u00e4ts- und Preisanforderungen entsprechen.<\/li>\n<li><strong>Qualit\u00e4tssicherung:<\/strong> Navigieren auf dem lokalen Markt, um sicherzustellen, dass die Produkte den zugesagten Spezifikationen entsprechen.<\/li>\n<li><strong>Logistikmanagement:<\/strong> Koordinierung des Prozesses von der Fabrikhalle bis zur endg\u00fcltigen Lieferung an Ihre Haust\u00fcr.<\/li>\n<\/ul>\n<h2>Warum Uns W\u00e4hlen?<\/h2>\n<ul>\n<li><strong>Lokale Expertise:<\/strong> Vor Ort in Shenzhen zu sein, erm\u00f6glicht es uns, Lieferanten pers\u00f6nlich zu \u00fcberpr\u00fcfen und den Markttrends voraus zu sein.<\/li>\n<li><strong>Mehrsprachige Unterst\u00fctzung:<\/strong> Wir beseitigen Sprachbarrieren und sorgen daf\u00fcr, dass Ihre Anforderungen von den Herstellern perfekt verstanden werden.<\/li>\n<li><strong>Sechs Jahre Erfahrung:<\/strong> Unsere nachgewiesene Erfolgsbilanz in der Branche bedeutet, dass wir wissen, wie wir h\u00e4ufige Fallstricke vermeiden und Ihre Lieferkette optimieren k\u00f6nnen.<\/li>\n<li><strong>Transparenz:<\/strong> Wir glauben an offene Kommunikation und einen Beschaffungsprozess, bei dem Sie in jedem Schritt informiert werden.<\/li>\n<li><strong>Globale Reichweite:<\/strong> Wir verstehen die spezifischen regulatorischen und marktbezogenen Bed\u00fcrfnisse von Kunden in Nordamerika, Europa und Ozeanien.<\/li>\n<\/ul>\n<h2>Kontaktinformationen<\/h2>\n<p>Bereit, Ihre Beschaffungsstrategie zu verbessern? Partnern Sie heute mit CNSNAP DE und erleben Sie eine professionelle, sorgenfreie Verbindung zum chinesischen Markt.<\/p>\n<p><strong>Gr\u00fcnder:<\/strong> Julian Hoo<br \/>\n<strong>E-Mail:<\/strong> <a href=\"mailto:julian.hoo@cnsnap.de\">julian.hoo@cnsnap.de<\/a><br \/>\n<strong>Website<\/strong> <a href=\"https:\/\/cnsnap.de\/de\/\">https:\/\/cnsnap.de<\/a><\/p>\n<\/section>","protected":false},"excerpt":{"rendered":"<p>About CNSNAP DE Welcome to CNSNAP DE, your premier gateway to China\u2019s most advanced manufacturing hubs. Founded and led by Julian Hoo, a Shenzhen-based global sourcing specialist, we bridge the gap between international demand and high-quality production. With over six years of dedicated experience, we have established ourselves as a trusted partner for businesses worldwide [\u2026]","protected":false},"author":1,"featured_media":0,"parent":0,"menu_order":0,"comment_status":"closed","ping_status":"closed","template":"","meta":{"footnotes":""},"class_list":["post-92","page","type-page","status-publish","hentry"],"yoast_head":"<!-- This site is optimized with the Yoast SEO plugin v26.6 - https:\/\/yoast.com\/wordpress\/plugins\/seo\/ -->\n<title>About Us - CNSnap DE<\/title>\n<meta name=\"robots\" content=\"index, follow, max-snippet:-1, max-image-preview:large, max-video-preview:-1\" \/>\n<link rel=\"canonical\" href=\"https:\/\/cnsnap.de\/de\/uber-uns\/\" \/>\n<meta property=\"og:locale\" content=\"de_DE\" \/>\n<meta property=\"og:type\" content=\"article\" \/>\n<meta property=\"og:title\" content=\"About Us - CNSnap DE\" \/>\n<meta property=\"og:description\" content=\"About CNSNAP DE Welcome to CNSNAP DE, your premier gateway to China&#8217;s most advanced manufacturing hubs. Founded and led by Julian Hoo, a Shenzhen-based global sourcing specialist, we bridge the gap between international demand and high-quality production. With over six years of dedicated experience, we have established ourselves as a trusted partner for businesses worldwide [...]\" \/>\n<meta property=\"og:url\" content=\"https:\/\/cnsnap.de\/de\/uber-uns\/\" \/>\n<meta property=\"og:site_name\" content=\"CNSnap DE\" \/>\n<meta name=\"twitter:card\" content=\"summary_large_image\" \/>\n<meta name=\"twitter:label1\" content=\"Gesch\u00e4tzte Lesezeit\" \/>\n\t<meta name=\"twitter:data1\" content=\"2\u00a0Minuten\" \/>\n<script type=\"application\/ld+json\" class=\"yoast-schema-graph\">{\"@context\":\"https:\/\/schema.org\",\"@graph\":[{\"@type\":\"WebPage\",\"@id\":\"https:\/\/cnsnap.de\/about-us\/\",\"url\":\"https:\/\/cnsnap.de\/about-us\/\",\"name\":\"About Us - CNSnap DE\",\"isPartOf\":{\"@id\":\"https:\/\/cnsnap.de\/#website\"},\"datePublished\":\"2025-12-20T06:32:22+00:00\",\"breadcrumb\":{\"@id\":\"https:\/\/cnsnap.de\/about-us\/#breadcrumb\"},\"inLanguage\":\"de\",\"potentialAction\":[{\"@type\":\"ReadAction\",\"target\":[\"https:\/\/cnsnap.de\/about-us\/\"]}]},{\"@type\":\"BreadcrumbList\",\"@id\":\"https:\/\/cnsnap.de\/about-us\/#breadcrumb\",\"itemListElement\":[{\"@type\":\"ListItem\",\"position\":1,\"name\":\"Home\",\"item\":\"https:\/\/cnsnap.de\/\"},{\"@type\":\"ListItem\",\"position\":2,\"name\":\"About Us\"}]},{\"@type\":\"WebSite\",\"@id\":\"https:\/\/cnsnap.de\/#website\",\"url\":\"https:\/\/cnsnap.de\/\",\"name\":\"CNSnap DE\",\"description\":\"Dein direkter Draht nach China\",\"publisher\":{\"@id\":\"https:\/\/cnsnap.de\/#organization\"},\"potentialAction\":[{\"@type\":\"SearchAction\",\"target\":{\"@type\":\"EntryPoint\",\"urlTemplate\":\"https:\/\/cnsnap.de\/?s={search_term_string}\"},\"query-input\":{\"@type\":\"PropertyValueSpecification\",\"valueRequired\":true,\"valueName\":\"search_term_string\"}}],\"inLanguage\":\"de\"},{\"@type\":\"Organization\",\"@id\":\"https:\/\/cnsnap.de\/#organization\",\"name\":\"CNSnap DE\",\"url\":\"https:\/\/cnsnap.de\/\",\"logo\":{\"@type\":\"ImageObject\",\"inLanguage\":\"de\",\"@id\":\"https:\/\/cnsnap.de\/#\/schema\/logo\/image\/\",\"url\":\"https:\/\/cnsnap.de\/wp-content\/uploads\/2025\/11\/cropped-Logo.webp\",\"contentUrl\":\"https:\/\/cnsnap.de\/wp-content\/uploads\/2025\/11\/cropped-Logo.webp\",\"width\":512,\"height\":512,\"caption\":\"CNSnap DE\"},\"image\":{\"@id\":\"https:\/\/cnsnap.de\/#\/schema\/logo\/image\/\"}}]}<\/script>\n<!-- \/ Yoast SEO plugin. -->","yoast_head_json":{"title":"\u00dcber uns - CNSnap DE","robots":{"index":"index","follow":"follow","max-snippet":"max-snippet:-1","max-image-preview":"max-image-preview:large","max-video-preview":"max-video-preview:-1"},"canonical":"https:\/\/cnsnap.de\/de\/uber-uns\/","og_locale":"de_DE","og_type":"article","og_title":"About Us - CNSnap DE","og_description":"About CNSNAP DE Welcome to CNSNAP DE, your premier gateway to China&#8217;s most advanced manufacturing hubs. Founded and led by Julian Hoo, a Shenzhen-based global sourcing specialist, we bridge the gap between international demand and high-quality production. With over six years of dedicated experience, we have established ourselves as a trusted partner for businesses worldwide [...]","og_url":"https:\/\/cnsnap.de\/de\/uber-uns\/","og_site_name":"CNSnap DE","twitter_card":"summary_large_image","twitter_misc":{"Gesch\u00e4tzte Lesezeit":"2\u00a0Minuten"},"schema":{"@context":"https:\/\/schema.org","@graph":[{"@type":"WebPage","@id":"https:\/\/cnsnap.de\/about-us\/","url":"https:\/\/cnsnap.de\/about-us\/","name":"\u00dcber uns - CNSnap DE","isPartOf":{"@id":"https:\/\/cnsnap.de\/#website"},"datePublished":"2025-12-20T06:32:22+00:00","breadcrumb":{"@id":"https:\/\/cnsnap.de\/about-us\/#breadcrumb"},"inLanguage":"de","potentialAction":[{"@type":"ReadAction","target":["https:\/\/cnsnap.de\/about-us\/"]}]},{"@type":"BreadcrumbList","@id":"https:\/\/cnsnap.de\/about-us\/#breadcrumb","itemListElement":[{"@type":"ListItem","position":1,"name":"Home","item":"https:\/\/cnsnap.de\/"},{"@type":"ListItem","position":2,"name":"About Us"}]},{"@type":"WebSite","@id":"https:\/\/cnsnap.de\/#website","url":"https:\/\/cnsnap.de\/","name":"CNSnap DE","description":"Dein direkter Draht nach China","publisher":{"@id":"https:\/\/cnsnap.de\/#organization"},"potentialAction":[{"@type":"SearchAction","target":{"@type":"EntryPoint","urlTemplate":"https:\/\/cnsnap.de\/?s={search_term_string}"},"query-input":{"@type":"PropertyValueSpecification","valueRequired":true,"valueName":"search_term_string"}}],"inLanguage":"de"},{"@type":"Organization","@id":"https:\/\/cnsnap.de\/#organization","name":"CNSnap DE","url":"https:\/\/cnsnap.de\/","logo":{"@type":"ImageObject","inLanguage":"de","@id":"https:\/\/cnsnap.de\/#\/schema\/logo\/image\/","url":"https:\/\/cnsnap.de\/wp-content\/uploads\/2025\/11\/cropped-Logo.webp","contentUrl":"https:\/\/cnsnap.de\/wp-content\/uploads\/2025\/11\/cropped-Logo.webp","width":512,"height":512,"caption":"CNSnap DE"},"image":{"@id":"https:\/\/cnsnap.de\/#\/schema\/logo\/image\/"}}]}},"_links":{"self":[{"href":"https:\/\/cnsnap.de\/de\/wp-json\/wp\/v2\/pages\/92","targetHints":{"allow":["GET"]}}],"collection":[{"href":"https:\/\/cnsnap.de\/de\/wp-json\/wp\/v2\/pages"}],"about":[{"href":"https:\/\/cnsnap.de\/de\/wp-json\/wp\/v2\/types\/page"}],"author":[{"embeddable":true,"href":"https:\/\/cnsnap.de\/de\/wp-json\/wp\/v2\/users\/1"}],"replies":[{"embeddable":true,"href":"https:\/\/cnsnap.de\/de\/wp-json\/wp\/v2\/comments?post=92"}],"version-history":[{"count":1,"href":"https:\/\/cnsnap.de\/de\/wp-json\/wp\/v2\/pages\/92\/revisions"}],"predecessor-version":[{"id":96,"href":"https:\/\/cnsnap.de\/de\/wp-json\/wp\/v2\/pages\/92\/revisions\/96"}],"wp:attachment":[{"href":"https:\/\/cnsnap.de\/de\/wp-json\/wp\/v2\/media?parent=92"}],"curies":[{"name":"wp","href":"https:\/\/api.w.org\/{rel}","templated":true}]}}